{"id":7,"date":"2020-03-17T18:43:10","date_gmt":"2020-03-17T18:43:10","guid":{"rendered":"http:\/\/hompark.themezinho.net\/?page_id=7"},"modified":"2021-07-16T03:45:22","modified_gmt":"2021-07-16T03:45:22","slug":"start","status":"publish","type":"page","link":"https:\/\/corporativo.rentecasa.com\/","title":{"rendered":"Inicio"},"content":{"rendered":"<p>[vc_row anchor_wrap_section=&#8221;no&#8221; el_class=&#8221;header-spacing&#8221;][vc_column][ts_hero_slider hero_slider=&#8221;27&#8243;][\/vc_column][\/vc_row][vc_row content_placement=&#8221;middle&#8221; motts_theme_padding=&#8221;no&#8221; use_container=&#8221;yes&#8221;][vc_column offset=&#8221;vc_col-md-6&#8243;][ts_side_image_left image=&#8221;54&#8243;][\/vc_column][vc_column css=&#8221;.vc_custom_1584953605262{padding-left: 60px !important;}&#8221; offset=&#8221;vc_col-md-6&#8243;][ts_section_title animate_block=&#8221;yes&#8221; animation_type=&#8221;fadeInUp&#8221; index=&#8221;01&#8243; title=&#8221;<em>Tu patrimonio<\/em> en las mejores manos&#8221; sub_title=&#8221;Cuidamos los detalles m\u00e1s peque\u00f1os&#8221;][ts_side_image_right animate_block=&#8221;yes&#8221; animation_type=&#8221;fadeInUp&#8221;]Con nuestro amplio portafolio de servicios, su patrimonio siempre lucir\u00e1 como nuevo<\/p>\n<p><a href=\"#\"><img decoding=\"async\" src=\"http:\/\/corporativo.rentecasa.com\/wp-content\/uploads\/2020\/03\/icon-m2.png\" alt=\"Image\" \/>ver proyectos<\/a>[\/ts_side_image_right][\/vc_column][\/vc_row][vc_row motts_theme_padding=&#8221;no&#8221; use_container=&#8221;yes&#8221; css=&#8221;.vc_custom_1584520924025{padding-top: 100px !important;padding-bottom: 100px !important;}&#8221;][vc_column width=&#8221;1\/3&#8243; offset=&#8221;vc_col-md-2 vc_col-xs-6&#8243;][ts_client animate_block=&#8221;yes&#8221; animation_type=&#8221;fadeInUp&#8221; title=&#8221;Casa de las lomas&#8221; link=&#8221;#&#8221; logo=&#8221;455&#8243; animation_delay=&#8221;0s&#8221;][\/vc_column][vc_column width=&#8221;1\/3&#8243; offset=&#8221;vc_col-md-2 vc_col-xs-6&#8243;][ts_client animate_block=&#8221;yes&#8221; animation_type=&#8221;fadeInUp&#8221; title=&#8221;Gaia&#8221; link=&#8221;#&#8221; logo=&#8221;456&#8243; animation_delay=&#8221;0.05s&#8221;][\/vc_column][vc_column width=&#8221;1\/3&#8243; offset=&#8221;vc_col-md-2 vc_col-xs-6&#8243;][ts_client animate_block=&#8221;yes&#8221; animation_type=&#8221;fadeInUp&#8221; title=&#8221;Sodimac&#8221; link=&#8221;#&#8221; logo=&#8221;452&#8243; animation_delay=&#8221;0.10s&#8221;][\/vc_column][vc_column width=&#8221;1\/3&#8243; offset=&#8221;vc_col-md-2 vc_col-xs-6&#8243;][ts_client animate_block=&#8221;yes&#8221; animation_type=&#8221;fadeInUp&#8221; title=&#8221;Herman Miller&#8221; link=&#8221;#&#8221; logo=&#8221;453&#8243; animation_delay=&#8221;0.15s&#8221;][\/vc_column][vc_column width=&#8221;1\/3&#8243; offset=&#8221;vc_col-md-2 vc_col-xs-6&#8243;][ts_client animate_block=&#8221;yes&#8221; animation_type=&#8221;fadeInUp&#8221; title=&#8221;Home Depot&#8221; link=&#8221;#&#8221; logo=&#8221;454&#8243; animation_delay=&#8221;0.20s&#8221;][\/vc_column][vc_column width=&#8221;1\/3&#8243; offset=&#8221;vc_col-md-2 vc_col-xs-6&#8243;][ts_client animate_block=&#8221;yes&#8221; animation_type=&#8221;fadeInUp&#8221; title=&#8221;IKEA&#8221; link=&#8221;#&#8221; logo=&#8221;451&#8243; animation_delay=&#8221;0.25s&#8221;][\/vc_column][\/vc_row][vc_row section_background_color=&#8221;#f9f9f9&#8243; use_container=&#8221;yes&#8221;][vc_column][ts_section_title align=&#8221;center&#8221; animate_block=&#8221;yes&#8221; animation_type=&#8221;fadeInUp&#8221; index=&#8221;02&#8243; title=&#8221;<em>Rentecasa<\/em> Inmobiliaria&#8221; sub_title=&#8221;Cada vez m\u00e1s personas conf\u00edan en nosotros&#8221;][vc_row_inner][vc_column_inner width=&#8221;1\/3&#8243; offset=&#8221;vc_col-md-1\/5 vc_col-xs-6&#8243;][ts_icon_counter animate_block=&#8221;yes&#8221; animation_type=&#8221;fadeInUp&#8221; value=&#8221;28&#8243; title=&#8221;Cerca del metro&#8221; logo=&#8221;75&#8243; char=&#8221;min&#8221; animation_delay=&#8221;0s&#8221;][\/vc_column_inner][vc_column_inner width=&#8221;1\/3&#8243; offset=&#8221;vc_col-md-1\/5 vc_col-xs-6&#8243;][ts_icon_counter animate_block=&#8221;yes&#8221; animation_type=&#8221;fadeInUp&#8221; value=&#8221;32&#8243; title=&#8221;Espacios en CDMX&#8221; logo=&#8221;76&#8243; char=&#8221;+&#8221; animation_delay=&#8221;0.05s&#8221;][\/vc_column_inner][vc_column_inner width=&#8221;1\/3&#8243; offset=&#8221;vc_col-md-1\/5 vc_col-xs-6&#8243;][ts_icon_counter animate_block=&#8221;yes&#8221; animation_type=&#8221;fadeInUp&#8221; value=&#8221;89&#8243; title=&#8221;Entrega de sue\u00f1os&#8221; logo=&#8221;77&#8243; char=&#8221;%&#8221; animation_delay=&#8221;0.10s&#8221;][\/vc_column_inner][vc_column_inner width=&#8221;1\/2&#8243; offset=&#8221;vc_col-md-1\/5&#8243;][ts_icon_counter animate_block=&#8221;yes&#8221; animation_type=&#8221;fadeInUp&#8221; value=&#8221;3&#8243; title=&#8221;Estructura limpia&#8221; logo=&#8221;78&#8243; char=&#8221;a\u00f1os&#8221; animation_delay=&#8221;0.15s&#8221;][\/vc_column_inner][vc_column_inner width=&#8221;1\/2&#8243; offset=&#8221;vc_col-md-1\/5 vc_col-xs-12&#8243;][ts_icon_counter animate_block=&#8221;yes&#8221; animation_type=&#8221;fadeInUp&#8221; value=&#8221;30574&#8243; title=&#8221;Arrendados&#8221; logo=&#8221;79&#8243; char=&#8221;m\u00b2&#8221; animation_delay=&#8221;0.20s&#8221;][\/vc_column_inner][\/vc_row_inner][\/vc_column][\/vc_row][vc_row content_placement=&#8221;middle&#8221; use_container=&#8221;yes&#8221; css=&#8221;.vc_custom_1584721711573{margin-bottom: 150px !important;}&#8221;][vc_column offset=&#8221;vc_col-md-5&#8243;][ts_section_title animate_block=&#8221;yes&#8221; animation_type=&#8221;fadeInUp&#8221; index=&#8221;03&#8243; title=&#8221;<em>Casos<\/em> de Exito&#8221; sub_title=&#8221;Conoce las incre\u00edbles historias de nuestros clientes de confianza&#8221;][ts_side_text_left animate_block=&#8221;yes&#8221; animation_type=&#8221;fadeInUp&#8221;]<a href=\"https:\/\/corporativo.rentecasa.com\/\">Ver m\u00e1s<\/a>[\/ts_side_text_left][\/vc_column][vc_column offset=&#8221;vc_col-md-7&#8243;][vc_row_inner][vc_column_inner width=&#8221;1\/3&#8243;][ts_gallery_thumb animate_block=&#8221;yes&#8221; animation_type=&#8221;fadeInUp&#8221; image=&#8221;82&#8243; title=&#8221;Image&#8221; attribute=&#8221;1.07&#8243;][\/vc_column_inner][vc_column_inner width=&#8221;1\/3&#8243;][ts_gallery_thumb animate_block=&#8221;yes&#8221; animation_type=&#8221;fadeInUp&#8221; image=&#8221;83&#8243; title=&#8221;Image&#8221; attribute=&#8221;1.15&#8243; animation_delay=&#8221;0.05s&#8221;][\/vc_column_inner][vc_column_inner width=&#8221;1\/3&#8243;][ts_gallery_thumb animate_block=&#8221;yes&#8221; animation_type=&#8221;fadeInUp&#8221; image=&#8221;84&#8243; title=&#8221;Image&#8221; attribute=&#8221;1.04&#8243; animation_delay=&#8221;0.10s&#8221;][\/vc_column_inner][\/vc_row_inner][\/vc_column][\/vc_row][vc_row content_placement=&#8221;middle&#8221; motts_theme_padding=&#8221;no&#8221; use_container=&#8221;yes&#8221;][vc_column offset=&#8221;vc_col-md-6&#8243;][ts_side_image_left image=&#8221;96&#8243;][\/vc_column][vc_column css=&#8221;.vc_custom_1584954196020{padding-left: 60px !important;}&#8221; offset=&#8221;vc_col-md-6&#8243;][ts_section_title animate_block=&#8221;yes&#8221; animation_type=&#8221;fadeInUp&#8221; index=&#8221;04&#8243; title=&#8221;<em>Las mejores<\/em> Oportunidades&#8221; sub_title=&#8221;Adquiere tu patrimonio hoy&#8221;][ts_side_image_right animate_block=&#8221;yes&#8221; animation_type=&#8221;fadeInUp&#8221;]Contamos con las mejores opciones de cr\u00e9ditos, con las mejores instituciones de M\u00e9xico<\/p>\n<ul>\n<li><img loading=\"lazy\" decoding=\"async\" class=\"alignnone wp-image-446\" src=\"http:\/\/corporativo.rentecasa.com\/wp-content\/uploads\/2021\/04\/BBVA-logotipo-rentecasa-min.png\" alt=\"\" width=\"109\" height=\"37\" \/><\/li>\n<\/ul>\n<p><a href=\"https:\/\/www.bbva.mx\/personas\/productos\/creditos\/credito-hipotecario\/simulador-credito-hipotecario.html\"><img decoding=\"async\" src=\"http:\/\/corporativo.rentecasa.com\/wp-content\/uploads\/2020\/03\/icon-calculator.png\" alt=\"\" \/>Calculadora de cr\u00e9dito<\/a>[\/ts_side_image_right][\/vc_column][\/vc_row][vc_row use_container=&#8221;yes&#8221;][vc_column offset=&#8221;vc_col-md-6&#8243;][ts_section_title animate_block=&#8221;yes&#8221; animation_type=&#8221;fadeInUp&#8221; index=&#8221;05&#8243; title=&#8221;<em>Enfoque<\/em> Personalizado&#8221; sub_title=&#8221;Gesti\u00f3n y organizac\u00f3n&#8221;][ts_side_text_left animate_block=&#8221;yes&#8221; animation_type=&#8221;fadeInUp&#8221;]Una documentaci\u00f3n organizada y tr\u00e1mites listos hacen operaciones r\u00e1pidas y dejan clientes satisfechos<\/p>\n<table>\n<tbody>\n<tr>\n<td>Notarias:<\/td>\n<td>Citas anticipadas<\/td>\n<\/tr>\n<tr>\n<td>Escrituraci\u00f3n:<\/td>\n<td>Menor costo<\/td>\n<\/tr>\n<tr>\n<td>Aval\u00faos:<\/td>\n<td>en 24Hrs<\/td>\n<\/tr>\n<tr>\n<td>Pago de impuestos:<\/td>\n<td>Asesorados<\/td>\n<\/tr>\n<\/tbody>\n<\/table>\n<p>[\/ts_side_text_left][\/vc_column][vc_column offset=&#8221;vc_col-md-6&#8243;][ts_tab_content animate_block=&#8221;yes&#8221; animation_type=&#8221;fadeInUp&#8221; details=&#8221;%5B%7B%22title%22%3A%2224324234%22%2C%22image%22%3A%2299%22%7D%5D&#8221; title=&#8221;76iuyuwe&#8221; description=&#8221;9879789&#8243; icon=&#8221;96&#8243; image=&#8221;146&#8243; title1=&#8221;1 Room 47m\u00b2&#8221; image1=&#8221;169&#8243; title2=&#8221;2 Rooms 65m\u00b2&#8221; image2=&#8221;170&#8243; title3=&#8221;3 Rooms 90m\u00b2&#8221; image3=&#8221;171&#8243;][\/vc_column][\/vc_row][vc_row section_ratio=&#8221;0.9&#8243; motts_theme_padding=&#8221;no&#8221; use_container=&#8221;yes&#8221; section_background_image=&#8221;99&#8243; css=&#8221;.vc_custom_1584771006452{margin-bottom: 100px !important;}&#8221;][vc_column width=&#8221;2\/3&#8243; offset=&#8221;vc_col-md-6&#8243;][ts_consultation_box has_readmore=&#8221;yes&#8221; readmore_label=&#8221;Agendar Cita&#8221; animate_block=&#8221;yes&#8221; animation_type=&#8221;fadeInUp&#8221; index=&#8221;06&#8243; title=&#8221;Confianza y seguridad&#8221; subtitle=&#8221;Dale a tu familia lo mejor&#8221; readmore_link=&#8221;#&#8221;]Con los nuevos procedimientos de adquisici\u00f3n, tus datos siempre estar\u00e1n seguros y tu compra estar\u00e1 protegida contra fraudes y duplicidad de documentos.[\/ts_consultation_box][\/vc_column][vc_column width=&#8221;1\/2&#8243;][\/vc_column][\/vc_row][vc_row use_container=&#8221;yes&#8221;][vc_column][ts_section_title animate_block=&#8221;yes&#8221; animation_type=&#8221;fadeInUp&#8221; index=&#8221;07&#8243; title=&#8221;<em>Noticias<\/em> Recientes&#8221; tagline=&#8221;CONOCE LAS NOVEDADES DE LOS BIENES RAICES&#8221;][ts_recent_news animate_block=&#8221;yes&#8221; animation_type=&#8221;fadeInUp&#8221;][\/vc_column][\/vc_row][vc_row section_background_color=&#8221;#303030&#8243; has_video_background=&#8221;youtube&#8221; use_container=&#8221;yes&#8221; video_youtube_link=&#8221;http:\/\/corporativo.rentecasa.com\/wp-content\/uploads\/2020\/03\/video01.mp4&#8243;][vc_column][ts_section_title color=&#8221;light&#8221; animate_block=&#8221;yes&#8221; animation_type=&#8221;fadeInUp&#8221; index=&#8221;08&#8243; title=&#8221;\u00danete a nosotros&#8221; sub_title=&#8221;Eres carpintero, electricista o alba\u00f1il, en rentecasa tenemos un lugar para ti&#8221;][vc_row_inner][vc_column_inner width=&#8221;1\/3&#8243; offset=&#8221;vc_col-md-2 vc_col-xs-6&#8243;][ts_icon_box animate_block=&#8221;yes&#8221; animation_type=&#8221;fadeInUp&#8221; title=&#8221;Plomer\u00eda&#8221; description=&#8221;\u00danete al equipo de plomeros expertos&#8221; icon=&#8221;36&#8243; animation_delay=&#8221;0s&#8221;][\/vc_column_inner][vc_column_inner width=&#8221;1\/3&#8243; offset=&#8221;vc_col-md-2 vc_col-xs-6&#8243;][ts_icon_box animate_block=&#8221;yes&#8221; animation_type=&#8221;fadeInUp&#8221; title=&#8221;Carpinter\u00eda&#8221; description=&#8221;Construye con la mejor herramienta&#8221; icon=&#8221;37&#8243; animation_delay=&#8221;0.05s&#8221;][\/vc_column_inner][vc_column_inner width=&#8221;1\/3&#8243; offset=&#8221;vc_col-md-2 vc_col-xs-6&#8243;][ts_icon_box animate_block=&#8221;yes&#8221; animation_type=&#8221;fadeInUp&#8221; title=&#8221;Electricidad&#8221; description=&#8221;Ilumina los hogares de cientos de familias&#8221; icon=&#8221;38&#8243; animation_delay=&#8221;0.10s&#8221;][\/vc_column_inner][vc_column_inner width=&#8221;1\/3&#8243; offset=&#8221;vc_col-md-2 vc_col-xs-6&#8243;][ts_icon_box animate_block=&#8221;yes&#8221; animation_type=&#8221;fadeInUp&#8221; title=&#8221;Acabados&#8221; description=&#8221;Refina y mejora la vista de los nuevos hogares&#8221; icon=&#8221;39&#8243; animation_delay=&#8221;0.15s&#8221;][\/vc_column_inner][vc_column_inner width=&#8221;1\/3&#8243; offset=&#8221;vc_col-md-2 vc_col-xs-6&#8243;][ts_icon_box animate_block=&#8221;yes&#8221; animation_type=&#8221;fadeInUp&#8221; title=&#8221;Cer\u00e1mica&#8221; description=&#8221;Transforma la manera de vivir de las familias mexicanas&#8221; icon=&#8221;40&#8243; animation_delay=&#8221;0.20s&#8221;][\/vc_column_inner][vc_column_inner width=&#8221;1\/3&#8243; offset=&#8221;vc_col-md-2 vc_col-xs-6&#8243;][ts_icon_box animate_block=&#8221;yes&#8221; animation_type=&#8221;fadeInUp&#8221; title=&#8221;Pipelines&#8221; description=&#8221;The smaller male cones release pollen, which fertilizes&#8221; icon=&#8221;41&#8243; animation_delay=&#8221;0.25s&#8221;][\/vc_column_inner][\/vc_row_inner][vc_row_inner][vc_column_inner width=&#8221;1\/3&#8243; offset=&#8221;vc_col-md-2 vc_col-xs-6&#8243;][ts_icon_box animate_block=&#8221;yes&#8221; animation_type=&#8221;fadeInUp&#8221; title=&#8221;Construcci\u00f3n&#8221; description=&#8221;Edifica el patrimonio de nuestros clientes&#8221; icon=&#8221;42&#8243; animation_delay=&#8221;0s&#8221;][\/vc_column_inner][vc_column_inner width=&#8221;1\/3&#8243; offset=&#8221;vc_col-md-2 vc_col-xs-6&#8243;][ts_icon_box animate_block=&#8221;yes&#8221; animation_type=&#8221;fadeInUp&#8221; title=&#8221;Modificaciones&#8221; description=&#8221;Reinventa los espacios &#8221; icon=&#8221;43&#8243; animation_delay=&#8221;0.05s&#8221;][\/vc_column_inner][vc_column_inner width=&#8221;1\/3&#8243; offset=&#8221;vc_col-md-2 vc_col-xs-6&#8243;][ts_icon_box animate_block=&#8221;yes&#8221; animation_type=&#8221;fadeInUp&#8221; title=&#8221;Excavaci\u00f3n&#8221; description=&#8221;Construye la mejor estancia&#8221; icon=&#8221;44&#8243; animation_delay=&#8221;0.10s&#8221;][\/vc_column_inner][vc_column_inner width=&#8221;1\/3&#8243; offset=&#8221;vc_col-md-2 vc_col-xs-6&#8243;][ts_icon_box animate_block=&#8221;yes&#8221; animation_type=&#8221;fadeInUp&#8221; title=&#8221;Reparaciones&#8221; description=&#8221;Resuelve los problemas habituales de los hogares &#8221; icon=&#8221;45&#8243; animation_delay=&#8221;0.15s&#8221;][\/vc_column_inner][vc_column_inner width=&#8221;1\/3&#8243; offset=&#8221;vc_col-md-2 vc_col-xs-6&#8243;][ts_icon_box animate_block=&#8221;yes&#8221; animation_type=&#8221;fadeInUp&#8221; title=&#8221;Reemplazos&#8221; description=&#8221;Cuando algo no funciona, hay que cambiarlo&#8221; icon=&#8221;46&#8243; animation_delay=&#8221;0.20s&#8221;][\/vc_column_inner][vc_column_inner width=&#8221;1\/3&#8243; offset=&#8221;vc_col-md-2 vc_col-xs-6&#8243;][ts_icon_box animate_block=&#8221;yes&#8221; animation_type=&#8221;fadeInUp&#8221; title=&#8221;Dise\u00f1o&#8221; description=&#8221;Convierte espacios normales en incre\u00edbles&#8221; icon=&#8221;47&#8243; animation_delay=&#8221;0.25s&#8221;][\/vc_column_inner][\/vc_row_inner][\/vc_column][\/vc_row][vc_row content_placement=&#8221;middle&#8221; use_container=&#8221;yes&#8221;][vc_column offset=&#8221;vc_col-md-4&#8243;][ts_section_title animate_block=&#8221;yes&#8221; animation_type=&#8221;fadeInUp&#8221; index=&#8221;09&#8243; title=&#8221;<em>Certifica<\/em> tu propiedad&#8221; tagline=&#8221;Y VENDE MEJOR&#8221;][\/vc_column][vc_column width=&#8221;1\/4&#8243; offset=&#8221;vc_col-md-2 vc_col-xs-6&#8243;][ts_certificates fancybox=&#8221;yes&#8221; animate_block=&#8221;yes&#8221; animation_type=&#8221;fadeInUp&#8221; image=&#8221;462&#8243; title=&#8221;Certificate&#8221; animation_delay=&#8221;0s&#8221;][\/vc_column][vc_column width=&#8221;1\/4&#8243; offset=&#8221;vc_col-md-2 vc_col-xs-6&#8243;][ts_certificates fancybox=&#8221;yes&#8221; animate_block=&#8221;yes&#8221; animation_type=&#8221;fadeInUp&#8221; image=&#8221;464&#8243; title=&#8221;Certificate&#8221; animation_delay=&#8221;0.05s&#8221;][\/vc_column][vc_column width=&#8221;1\/4&#8243; offset=&#8221;vc_col-md-2 vc_col-xs-6&#8243;][ts_certificates fancybox=&#8221;yes&#8221; animate_block=&#8221;yes&#8221; animation_type=&#8221;fadeInUp&#8221; image=&#8221;466&#8243; title=&#8221;Certificate&#8221; animation_delay=&#8221;0.10s&#8221;][\/vc_column][vc_column width=&#8221;1\/4&#8243; offset=&#8221;vc_col-md-2 vc_col-xs-6&#8243;][\/vc_column][\/vc_row]<\/p>\n","protected":false},"excerpt":{"rendered":"<p>[vc_row anchor_wrap_section=&#8221;no&#8221; el_class=&#8221;header-spacing&#8221;][vc_column][ts_hero_slider hero_slider=&#8221;27&#8243;][\/vc_column][\/vc_row][vc_row content_placement=&#8221;middle&#8221; motts_theme_padding=&#8221;no&#8221; use_container=&#8221;yes&#8221;][vc_column offset=&#8221;vc_col-md-6&#8243;][ts_side_image_left image=&#8221;54&#8243;][\/vc_column][vc_column css=&#8221;.vc_custom_1584953605262{padding-left: 60px !important;}&#8221; offset=&#8221;vc_col-md-6&#8243;][ts_section_title animate_block=&#8221;yes&#8221; animation_type=&#8221;fadeInUp&#8221; index=&#8221;01&#8243; title=&#8221;Tu patrimonio en las mejores manos&#8221; sub_title=&#8221;Cuidamos los detalles m\u00e1s peque\u00f1os&#8221;][ts_side_image_right animate_block=&#8221;yes&#8221; animation_type=&#8221;fadeInUp&#8221;]Con nuestro amplio portafolio de servicios, su patrimonio siempre lucir\u00e1 como nuevo ver proyectos[\/ts_side_image_right][\/vc_column][\/vc_row][vc_row motts_theme_padding=&#8221;no&#8221; use_container=&#8221;yes&#8221; css=&#8221;.vc_custom_1584520924025{padding-top: 100px !important;padding-bottom: 100px !important;}&#8221;][vc_column width=&#8221;1\/3&#8243; offset=&#8221;vc_col-md-2 vc_col-xs-6&#8243;][ts_client animate_block=&#8221;yes&#8221; animation_type=&#8221;fadeInUp&#8221; title=&#8221;Casa [&hellip;]<\/p>\n","protected":false},"author":1,"featured_media":0,"parent":0,"menu_order":0,"comment_status":"closed","ping_status":"closed","template":"page-portfolio.php","meta":{"om_disable_all_campaigns":false,"_mi_skip_tracking":false,"_monsterinsights_sitenote_active":false,"_monsterinsights_sitenote_note":"","_monsterinsights_sitenote_category":0,"footnotes":""},"class_list":["post-7","page","type-page","status-publish","hentry"],"aioseo_notices":[],"_links":{"self":[{"href":"https:\/\/corporativo.rentecasa.com\/index.php\/wp-json\/wp\/v2\/pages\/7","targetHints":{"allow":["GET"]}}],"collection":[{"href":"https:\/\/corporativo.rentecasa.com\/index.php\/wp-json\/wp\/v2\/pages"}],"about":[{"href":"https:\/\/corporativo.rentecasa.com\/index.php\/wp-json\/wp\/v2\/types\/page"}],"author":[{"embeddable":true,"href":"https:\/\/corporativo.rentecasa.com\/index.php\/wp-json\/wp\/v2\/users\/1"}],"replies":[{"embeddable":true,"href":"https:\/\/corporativo.rentecasa.com\/index.php\/wp-json\/wp\/v2\/comments?post=7"}],"version-history":[{"count":17,"href":"https:\/\/corporativo.rentecasa.com\/index.php\/wp-json\/wp\/v2\/pages\/7\/revisions"}],"predecessor-version":[{"id":467,"href":"https:\/\/corporativo.rentecasa.com\/index.php\/wp-json\/wp\/v2\/pages\/7\/revisions\/467"}],"wp:attachment":[{"href":"https:\/\/corporativo.rentecasa.com\/index.php\/wp-json\/wp\/v2\/media?parent=7"}],"curies":[{"name":"wp","href":"https:\/\/api.w.org\/{rel}","templated":true}]}}